{"id":89,"date":"2024-12-16T10:12:28","date_gmt":"2024-12-16T09:12:28","guid":{"rendered":"http:\/\/starten.cluster027.hosting.ovh.net\/?page_id=89"},"modified":"2025-12-11T11:26:42","modified_gmt":"2025-12-11T10:26:42","slug":"starter-systems","status":"publish","type":"page","link":"https:\/\/startersystems.com\/","title":{"rendered":""},"content":{"rendered":"\n<div class=\"wp-block-buttons alignfull is-content-justification-right is-layout-flex wp-container-core-buttons-is-layout-765c4724 wp-block-buttons-is-layout-flex\">\n<div class=\"wp-block-button\"><a class=\"wp-block-button__link has-vivid-cyan-blue-background-color has-background wp-element-button\" href=\"https:\/\/startersystems.com\/index.php\/222-2\/\">English<\/a><\/div>\n<\/div>\n\n\n\n<figure class=\"wp-block-image alignfull size-full\"><img loading=\"lazy\" decoding=\"async\" width=\"4334\" height=\"732\" src=\"https:\/\/startersystems.com\/wp-content\/uploads\/2025\/01\/Plan-de-travail-13.png\" alt=\"\" class=\"wp-image-239\" srcset=\"https:\/\/startersystems.com\/wp-content\/uploads\/2025\/01\/Plan-de-travail-13.png 4334w, https:\/\/startersystems.com\/wp-content\/uploads\/2025\/01\/Plan-de-travail-13-300x51.png 300w, https:\/\/startersystems.com\/wp-content\/uploads\/2025\/01\/Plan-de-travail-13-1024x173.png 1024w, https:\/\/startersystems.com\/wp-content\/uploads\/2025\/01\/Plan-de-travail-13-768x130.png 768w, https:\/\/startersystems.com\/wp-content\/uploads\/2025\/01\/Plan-de-travail-13-1536x259.png 1536w, https:\/\/startersystems.com\/wp-content\/uploads\/2025\/01\/Plan-de-travail-13-2048x346.png 2048w\" sizes=\"auto, (max-width: 4334px) 100vw, 4334px\" \/><\/figure>\n\n\n\n<figure class=\"wp-block-pullquote alignfull has-medium-font-size\"><blockquote><p>Nous sommes fiers de vous pr\u00e9senter un espace d\u00e9di\u00e9 \u00e0 la d\u00e9couverte des expertises et solutions propos\u00e9es par les marques et sites partenaires de notre groupe. <br>Depuis des d\u00e9cennies, nous nous engageons \u00e0 offrir des produits et \u00e9quipements de haute qualit\u00e9, r\u00e9pondant aux besoins sp\u00e9cifiques de diff\u00e9rents secteurs.<br>Que vous soyez professionnel ou passionn\u00e9, ce portail est la porte d&rsquo;entr\u00e9e vers un univers de solutions techniques pens\u00e9es pour vous accompagner dans vos projets, petits ou grands. Cliquez sur les liens pour en savoir plus et explorez l&rsquo;excellence dans chaque domaine.<\/p><\/blockquote><\/figure>\n\n\n\n<div class=\"wp-block-columns alignfull is-layout-flex wp-container-core-columns-is-layout-9d6595d7 wp-block-columns-is-layout-flex\">\n<div class=\"wp-block-column is-layout-flow wp-block-column-is-layout-flow\"><div class=\"wp-block-image\">\n<figure class=\"aligncenter size-full is-resized\"><img loading=\"lazy\" decoding=\"async\" width=\"855\" height=\"281\" src=\"http:\/\/startersystems.com\/wp-content\/uploads\/2025\/01\/Plan-de-travail-2.png\" alt=\"\" class=\"wp-image-201\" style=\"width:auto;height:100px\" srcset=\"https:\/\/startersystems.com\/wp-content\/uploads\/2025\/01\/Plan-de-travail-2.png 855w, https:\/\/startersystems.com\/wp-content\/uploads\/2025\/01\/Plan-de-travail-2-300x99.png 300w, https:\/\/startersystems.com\/wp-content\/uploads\/2025\/01\/Plan-de-travail-2-768x252.png 768w\" sizes=\"auto, (max-width: 855px) 100vw, 855px\" \/><\/figure>\n<\/div>\n\n\n<h4 class=\"wp-block-heading has-text-align-center\" style=\"font-style:normal;font-weight:500\"><strong>Treuils nouvelle g\u00e9n\u00e9ration <\/strong><\/h4>\n\n\n\n<hr class=\"wp-block-separator alignwide has-text-color has-black-color has-alpha-channel-opacity has-black-background-color has-background is-style-default\"\/>\n\n\n\n<figure class=\"wp-block-image size-full\"><img loading=\"lazy\" decoding=\"async\" width=\"855\" height=\"991\" src=\"http:\/\/startersystems.com\/wp-content\/uploads\/2025\/01\/Plan-de-travail-7.png\" alt=\"\" class=\"wp-image-206\" srcset=\"https:\/\/startersystems.com\/wp-content\/uploads\/2025\/01\/Plan-de-travail-7.png 855w, https:\/\/startersystems.com\/wp-content\/uploads\/2025\/01\/Plan-de-travail-7-259x300.png 259w, https:\/\/startersystems.com\/wp-content\/uploads\/2025\/01\/Plan-de-travail-7-768x890.png 768w\" sizes=\"auto, (max-width: 855px) 100vw, 855px\" \/><\/figure>\n\n\n\n<p class=\"has-text-align-center\">Sp\u00e9cialiste des treuils APOLLO, nous vous proposons des solutions fiables, performantes et innovantes pour r\u00e9pondre aux exigences les plus \u00e9lev\u00e9es.<\/p>\n\n\n\n<div class=\"wp-block-buttons is-content-justification-center is-layout-flex wp-container-core-buttons-is-layout-16018d1d wp-block-buttons-is-layout-flex\">\n<div class=\"wp-block-button\"><a class=\"wp-block-button__link wp-element-button\" href=\"http:\/\/www.apollowinches.com\" target=\"_blank\" rel=\"noreferrer noopener\"><strong>Consulter le site web<\/strong><\/a><\/div>\n<\/div>\n\n\n\n<div class=\"wp-block-buttons is-layout-flex wp-block-buttons-is-layout-flex\"><\/div>\n<\/div>\n\n\n\n<div class=\"wp-block-column is-layout-flow wp-block-column-is-layout-flow\"><div class=\"wp-block-image\">\n<figure class=\"aligncenter size-medium is-resized\"><img loading=\"lazy\" decoding=\"async\" width=\"300\" height=\"98\" src=\"https:\/\/startersystems.com\/wp-content\/uploads\/2025\/01\/Plan-de-travail-3-300x98.png\" alt=\"\" class=\"wp-image-202\" style=\"width:auto;height:100px\" srcset=\"https:\/\/startersystems.com\/wp-content\/uploads\/2025\/01\/Plan-de-travail-3-300x98.png 300w, https:\/\/startersystems.com\/wp-content\/uploads\/2025\/01\/Plan-de-travail-3-768x251.png 768w, https:\/\/startersystems.com\/wp-content\/uploads\/2025\/01\/Plan-de-travail-3.png 861w\" sizes=\"auto, (max-width: 300px) 100vw, 300px\" \/><\/figure>\n<\/div>\n\n\n<h4 class=\"wp-block-heading has-text-align-center\"><strong>Potences de levage <\/strong><\/h4>\n\n\n\n<hr class=\"wp-block-separator alignwide has-text-color has-black-color has-alpha-channel-opacity has-black-background-color has-background is-style-default\"\/>\n\n\n\n<figure class=\"wp-block-image size-full\"><img loading=\"lazy\" decoding=\"async\" width=\"855\" height=\"991\" src=\"http:\/\/startersystems.com\/wp-content\/uploads\/2025\/01\/Plan-de-travail-8.png\" alt=\"\" class=\"wp-image-207\" srcset=\"https:\/\/startersystems.com\/wp-content\/uploads\/2025\/01\/Plan-de-travail-8.png 855w, https:\/\/startersystems.com\/wp-content\/uploads\/2025\/01\/Plan-de-travail-8-259x300.png 259w, https:\/\/startersystems.com\/wp-content\/uploads\/2025\/01\/Plan-de-travail-8-768x890.png 768w\" sizes=\"auto, (max-width: 855px) 100vw, 855px\" \/><\/figure>\n\n\n\n<p class=\"has-text-align-center\">D\u00e9couvrez notre gamme compl\u00e8te de potences de manutention ARKANE, alliant robustesse et performance pour optimiser vos op\u00e9rations industrielles, adapt\u00e9es aux fourgons, fourgonnettes, et plateaux.<\/p>\n\n\n\n<div class=\"wp-block-buttons is-content-justification-center is-layout-flex wp-container-core-buttons-is-layout-16018d1d wp-block-buttons-is-layout-flex\">\n<div class=\"wp-block-button\"><a class=\"wp-block-button__link wp-element-button\" href=\"http:\/\/www.arkanecranes.com\"><strong>Consulter le site web<\/strong><\/a><\/div>\n<\/div>\n<\/div>\n\n\n\n<div class=\"wp-block-column is-layout-flow wp-block-column-is-layout-flow\"><div class=\"wp-block-image\">\n<figure class=\"aligncenter size-medium is-resized\"><img loading=\"lazy\" decoding=\"async\" width=\"300\" height=\"99\" src=\"https:\/\/startersystems.com\/wp-content\/uploads\/2025\/01\/Plan-de-travail-4-300x99.png\" alt=\"\" class=\"wp-image-203\" style=\"width:auto;height:100px\" srcset=\"https:\/\/startersystems.com\/wp-content\/uploads\/2025\/01\/Plan-de-travail-4-300x99.png 300w, https:\/\/startersystems.com\/wp-content\/uploads\/2025\/01\/Plan-de-travail-4-768x252.png 768w, https:\/\/startersystems.com\/wp-content\/uploads\/2025\/01\/Plan-de-travail-4.png 855w\" sizes=\"auto, (max-width: 300px) 100vw, 300px\" \/><\/figure>\n<\/div>\n\n\n<h4 class=\"wp-block-heading has-text-align-center\"><strong>Treuils sp\u00e9ciaux et ing\u00e9nierie<\/strong><\/h4>\n\n\n\n<hr class=\"wp-block-separator alignwide has-text-color has-black-color has-alpha-channel-opacity has-black-background-color has-background is-style-default\"\/>\n\n\n\n<figure class=\"wp-block-image size-full\"><img loading=\"lazy\" decoding=\"async\" width=\"856\" height=\"991\" src=\"http:\/\/startersystems.com\/wp-content\/uploads\/2025\/01\/Plan-de-travail-9.png\" alt=\"\" class=\"wp-image-208\" srcset=\"https:\/\/startersystems.com\/wp-content\/uploads\/2025\/01\/Plan-de-travail-9.png 856w, https:\/\/startersystems.com\/wp-content\/uploads\/2025\/01\/Plan-de-travail-9-259x300.png 259w, https:\/\/startersystems.com\/wp-content\/uploads\/2025\/01\/Plan-de-travail-9-768x889.png 768w\" sizes=\"auto, (max-width: 856px) 100vw, 856px\" \/><\/figure>\n\n\n\n<p class=\"has-text-align-center\">Ing\u00e9nierie et production de syst\u00e8mes de manutention et de treuils au service des grandes entreprises des secteurs de l\u2019\u00e9nergie et de l\u2019industrie maritime, des constructeurs automobiles, des carrossiers industriels et des acteurs du secteur de la d\u00e9fense dans le monde entier.<\/p>\n\n\n\n<div class=\"wp-block-buttons is-content-justification-center is-layout-flex wp-container-core-buttons-is-layout-16018d1d wp-block-buttons-is-layout-flex\">\n<div class=\"wp-block-button\"><a class=\"wp-block-button__link wp-element-button\" href=\"http:\/\/www.starterwinches.fr\"><strong>Consulter le site web<\/strong><\/a><\/div>\n<\/div>\n<\/div>\n\n\n\n<div class=\"wp-block-column is-layout-flow wp-block-column-is-layout-flow\"><div class=\"wp-block-image\">\n<figure class=\"aligncenter size-full is-resized\"><img loading=\"lazy\" decoding=\"async\" width=\"855\" height=\"281\" src=\"http:\/\/startersystems.com\/wp-content\/uploads\/2025\/01\/Plan-de-travail-5.png\" alt=\"\" class=\"wp-image-204\" style=\"width:auto;height:100px\" srcset=\"https:\/\/startersystems.com\/wp-content\/uploads\/2025\/01\/Plan-de-travail-5.png 855w, https:\/\/startersystems.com\/wp-content\/uploads\/2025\/01\/Plan-de-travail-5-300x99.png 300w, https:\/\/startersystems.com\/wp-content\/uploads\/2025\/01\/Plan-de-travail-5-768x252.png 768w\" sizes=\"auto, (max-width: 855px) 100vw, 855px\" \/><\/figure>\n<\/div>\n\n\n<h4 class=\"wp-block-heading has-text-align-center\"><strong>Equipements pour v\u00e9hicules <\/strong><\/h4>\n\n\n\n<hr class=\"wp-block-separator alignwide has-text-color has-black-color has-alpha-channel-opacity has-black-background-color has-background is-style-default\"\/>\n\n\n\n<figure class=\"wp-block-image size-full\"><img loading=\"lazy\" decoding=\"async\" width=\"855\" height=\"991\" src=\"http:\/\/startersystems.com\/wp-content\/uploads\/2025\/01\/Plan-de-travail-10.png\" alt=\"\" class=\"wp-image-209\" srcset=\"https:\/\/startersystems.com\/wp-content\/uploads\/2025\/01\/Plan-de-travail-10.png 855w, https:\/\/startersystems.com\/wp-content\/uploads\/2025\/01\/Plan-de-travail-10-259x300.png 259w, https:\/\/startersystems.com\/wp-content\/uploads\/2025\/01\/Plan-de-travail-10-768x890.png 768w\" sizes=\"auto, (max-width: 855px) 100vw, 855px\" \/><\/figure>\n\n\n\n<p class=\"has-text-align-center\">Une r\u00e9f\u00e9rence incontournable pour les \u00e9quipements de v\u00e9hicules, avec une qualit\u00e9 \u00e0 toute \u00e9preuve.<\/p>\n\n\n\n<div class=\"wp-block-buttons is-content-justification-center is-layout-flex wp-container-core-buttons-is-layout-16018d1d wp-block-buttons-is-layout-flex\">\n<div class=\"wp-block-button\"><a class=\"wp-block-button__link wp-element-button\" href=\"http:\/\/www.rockalu.com\"><strong>Consulter le site web<\/strong><\/a><\/div>\n<\/div>\n<\/div>\n\n\n\n<div class=\"wp-block-column is-layout-flow wp-block-column-is-layout-flow\"><div class=\"wp-block-image\">\n<figure class=\"aligncenter size-full is-resized\"><img loading=\"lazy\" decoding=\"async\" width=\"855\" height=\"281\" src=\"http:\/\/startersystems.com\/wp-content\/uploads\/2025\/01\/Plan-de-travail-6.png\" alt=\"\" class=\"wp-image-205\" style=\"width:auto;height:100px\" srcset=\"https:\/\/startersystems.com\/wp-content\/uploads\/2025\/01\/Plan-de-travail-6.png 855w, https:\/\/startersystems.com\/wp-content\/uploads\/2025\/01\/Plan-de-travail-6-300x99.png 300w, https:\/\/startersystems.com\/wp-content\/uploads\/2025\/01\/Plan-de-travail-6-768x252.png 768w\" sizes=\"auto, (max-width: 855px) 100vw, 855px\" \/><\/figure>\n<\/div>\n\n\n<h4 class=\"wp-block-heading has-text-align-center\"><strong>Treuils pour v\u00e9hicules et l\u2019industrie<\/strong><\/h4>\n\n\n\n<hr class=\"wp-block-separator alignwide has-text-color has-black-color has-alpha-channel-opacity has-black-background-color has-background is-style-default\"\/>\n\n\n\n<figure class=\"wp-block-image size-full\"><img loading=\"lazy\" decoding=\"async\" width=\"855\" height=\"991\" src=\"http:\/\/startersystems.com\/wp-content\/uploads\/2025\/01\/Plan-de-travail-11.png\" alt=\"\" class=\"wp-image-210\" srcset=\"https:\/\/startersystems.com\/wp-content\/uploads\/2025\/01\/Plan-de-travail-11.png 855w, https:\/\/startersystems.com\/wp-content\/uploads\/2025\/01\/Plan-de-travail-11-259x300.png 259w, https:\/\/startersystems.com\/wp-content\/uploads\/2025\/01\/Plan-de-travail-11-768x890.png 768w\" sizes=\"auto, (max-width: 855px) 100vw, 855px\" \/><\/figure>\n\n\n\n<p>Notre partenaire historique, WARN, propose des treuils de renomm\u00e9e mondiale, synonymes d\u2019excellence et de durabilit\u00e9.<\/p>\n\n\n\n<div class=\"wp-block-buttons is-content-justification-center is-layout-flex wp-container-core-buttons-is-layout-16018d1d wp-block-buttons-is-layout-flex\">\n<div class=\"wp-block-button\"><a class=\"wp-block-button__link wp-element-button\" href=\"https:\/\/warnfrance.fr\/fr\/\"><strong>Consulter le site web<\/strong><\/a><\/div>\n<\/div>\n<\/div>\n<\/div>\n\n\n\n<div class=\"wp-block-columns alignfull is-layout-flex wp-container-core-columns-is-layout-9d6595d7 wp-block-columns-is-layout-flex\">\n<div class=\"wp-block-column is-layout-flow wp-block-column-is-layout-flow\"><\/div>\n\n\n\n<div class=\"wp-block-column is-layout-flow wp-block-column-is-layout-flow\"><\/div>\n\n\n\n<div class=\"wp-block-column is-layout-flow wp-block-column-is-layout-flow\"><\/div>\n\n\n\n<div class=\"wp-block-column is-layout-flow wp-block-column-is-layout-flow\"><\/div>\n\n\n\n<div class=\"wp-block-column is-vertically-aligned-top is-layout-flow wp-block-column-is-layout-flow\"><\/div>\n<\/div>\n\n\n\n<div style=\"height:0px\" aria-hidden=\"true\" class=\"wp-block-spacer\"><\/div>\n\n\n\n<div class=\"wp-block-columns alignfull is-layout-flex wp-container-core-columns-is-layout-9d6595d7 wp-block-columns-is-layout-flex\">\n<div class=\"wp-block-column is-layout-flow wp-block-column-is-layout-flow\"><\/div>\n\n\n\n<div class=\"wp-block-column is-layout-flow wp-block-column-is-layout-flow\"><\/div>\n\n\n\n<div class=\"wp-block-column is-layout-flow wp-block-column-is-layout-flow\"><\/div>\n\n\n\n<div class=\"wp-block-column is-layout-flow wp-block-column-is-layout-flow\"><\/div>\n\n\n\n<div class=\"wp-block-column is-layout-flow wp-block-column-is-layout-flow\"><\/div>\n<\/div>\n\n\n\n<p><\/p>\n","protected":false},"excerpt":{"rendered":"<p>Nous sommes fiers de vous pr\u00e9senter un espace d\u00e9di\u00e9 \u00e0 la d\u00e9couverte des expertises et solutions propos\u00e9es par les marques et sites partenaires de notre&hellip;<\/p>\n","protected":false},"author":1,"featured_media":0,"parent":0,"menu_order":0,"comment_status":"closed","ping_status":"closed","template":"","meta":{"footnotes":""},"class_list":["post-89","page","type-page","status-publish","hentry"],"_links":{"self":[{"href":"https:\/\/startersystems.com\/index.php\/wp-json\/wp\/v2\/pages\/89","targetHints":{"allow":["GET"]}}],"collection":[{"href":"https:\/\/startersystems.com\/index.php\/wp-json\/wp\/v2\/pages"}],"about":[{"href":"https:\/\/startersystems.com\/index.php\/wp-json\/wp\/v2\/types\/page"}],"author":[{"embeddable":true,"href":"https:\/\/startersystems.com\/index.php\/wp-json\/wp\/v2\/users\/1"}],"replies":[{"embeddable":true,"href":"https:\/\/startersystems.com\/index.php\/wp-json\/wp\/v2\/comments?post=89"}],"version-history":[{"count":72,"href":"https:\/\/startersystems.com\/index.php\/wp-json\/wp\/v2\/pages\/89\/revisions"}],"predecessor-version":[{"id":280,"href":"https:\/\/startersystems.com\/index.php\/wp-json\/wp\/v2\/pages\/89\/revisions\/280"}],"wp:attachment":[{"href":"https:\/\/startersystems.com\/index.php\/wp-json\/wp\/v2\/media?parent=89"}],"curies":[{"name":"wp","href":"https:\/\/api.w.org\/{rel}","templated":true}]}}